{"id":35,"date":"2016-12-14T22:38:54","date_gmt":"2016-12-14T21:38:54","guid":{"rendered":"http:\/\/www.anmeldung2.dav-murnau.de\/?page_id=35"},"modified":"2018-12-28T18:14:15","modified_gmt":"2018-12-28T17:14:15","slug":"bedingungen","status":"publish","type":"page","link":"https:\/\/www.anmeldung2.dav-murnau.de\/?page_id=35","title":{"rendered":"Bedingungen"},"content":{"rendered":"<p><strong>Bedingungen f\u00fcr die Teilnahme an Touren der Sektion Murnau<\/strong><\/p>\n<p>Unsere Bergf\u00fchrer und \u00dcbungsleiter haben auch f\u00fcr 2019 ein ansprechendes Touren- und Ausbildungsprogramm ausgearbeitet. Sollten Sie sich f\u00fcr die eine oder andere Tour oder Ausbildung interessieren, bitten wir um Beachtung einiger weniger Grundregeln. Diese sind notwendig, um einen sinnvollen Ablauf der Touren zu gew\u00e4hrleisten und die ehrenamtliche Arbeitszeit unserer Mitarbeiter zielorientiert einzusetzen.<\/p>\n<p><strong>Die Tourengeb\u00fchr \u00a0wird etwa eine Woche vor dem Tourentermin per Lastschrift von Ihrem Konto abgebucht. Ihr Einverst\u00e4ndnis dazu erfolgt durch die Tourenanmeldung \u00fcber Internet<\/strong>. Die SEPA-Lastschrift erfolgt von dem uns bekannten Konto, das Sie beim DAV Murnau f\u00fcr den Beitragseinzug hinterlegt haben. Evtl. R\u00fccklastschriftsgeb\u00fchren wegen gel\u00f6schter Konten oder mangels Deckung gehen zu Ihren Lasten.<\/p>\n<p>Mitglieder anderer Sektionen \u00fcberweisen bitte die Tourengeb\u00fchr unter Angabe des Teilnehmernamens sp\u00e4testens zwei Wochen vor Beginn der Tour auf folgendes Konto:<\/p>\n<address>Deutscher Alpenverein, Sektion Murnau e.V.<\/address>\n<address>Vereinigte Sparkassen Murnau<\/address>\n<address>Konto: 103 010<\/address>\n<address>BLZ: 703 510 30<\/address>\n<address>IBAN: DE73 7035 1030 0000 1030 10<\/address>\n<address>SWIFT-BIC: BYLADEM1WHM<\/address>\n<address>Gl\u00e4ubiger Identifikationsnummer SEPA: DE23ZZZ00000213537<\/address>\n<ol>\n<li><strong>Grunds\u00e4tzliches<\/strong><\/li>\n<\/ol>\n<p>1.1 Die Programme stehen vorrangig Sektionsmitgliedern offen. Mitglieder anderer DAV-Sektionen d\u00fcrfen sich an den Veranstaltungen und Touren der Sektion Murnau beteiligen, sofern freie Pl\u00e4tze verf\u00fcgbar sind. Nichtmitglieder k\u00f6nnen daran aus versicherungstechnischen Gegebenheiten nicht teilnehmen.<\/p>\n<p>1.2.Der jeweilige Tourenleiter ist berechtigt, nach Vorkenntnissen zu fragen und Teilnehmer abzulehnen. Dies geschieht im eigenen Interesse, denn niemand soll auf den Touren \u00fcberfordert sein.<\/p>\n<p>1.3.Ausbildungsma\u00dfnahmen werden als F\u00fchrungstouren unternommen, wobei der Fach\u00fcbungsleiter\/Bergf\u00fchrer die verbindliche Entscheidung und die Verantwortung f\u00fcr die Sicherheit der Gruppenmitglieder \u00fcbernimmt. An Ausbildungsma\u00dfnahmen k\u00f6nnen auch Sektionsmitglieder teilnehmen, die solche Touren nicht selbst\u00e4ndig durchf\u00fchren wollen.<\/p>\n<p>1.4.In der Regel handelt es sich bei den ausgeschriebenen Touren um Gemeinschaftstouren, wobei jeder Teilnehmer auf eigene Verantwortung teilnimmt. Der Tourenleiter trifft lediglich Entscheidungen, welche die Sicherheit der Gruppe insgesamt betrifft und besitzt die volle Autorit\u00e4t. Ausdr\u00fccklich wird darauf hingewiesen, dass Bergsteigen immer ein gewisses Risiko in sich birgt.<\/p>\n<p>1.5 Die Sektion schreibt Touren als Einzelunternehmungen aus. Es handelt sich in keinem Fall um Pauschalreisen i.S. des Reisevertragsrechtes, auch wenn Teilbereiche durch die Sektion organisiert und daf\u00fcr die Kosten umgelegt werden. Die Tourenleiter haften lediglich im Rahmen der bestehenden DAV-Versicherungen (\u00a7 6 der Sektionssatzung).<\/p>\n<p>1.6. Die \u00c4nderung des Termins, des Tourenziels oder die Absage einer Tour bleibt vorbehalten.<\/p>\n<p>1.7. Sie erhalten per E-Mail eine Anmeldebest\u00e4tigung bzw. eine Mitteilung \u00fcber einen Platz auf einer Warteliste. Sie k\u00f6nnen sich selbstverst\u00e4ndlich bereits zu einem fr\u00fcheren Zeitpunkt mit dem Anmeldeverfahren vertraut machen, das Anmeldeformular wird jedoch erst zum angegebenen Zeitpunkt freigeschaltet.<\/p>\n<p>Neben dem nunmehr favorisierten Anmeldesystem \u00fcber Internet stehen Ihnen bei R\u00fcckfragen nat\u00fcrlich das Team der Sektionsgesch\u00e4ftsstelle zur Verf\u00fcgung, siehe auch Kontakt.<\/p>\n<p>1.8.Die meisten Touren sind in der Teilnehmerzahl begrenzt. Ma\u00dfgebend ist die Reihenfolge der Anmeldung mit Zahlung der Geb\u00fchr.<\/p>\n<p>1.9. Bei R\u00fccktritt von einer Anmeldung unter 30 Tagen vor dem Termin beh\u00e4lt sich die Sektion vor, die Teilnahmegeb\u00fchr voll einzubehalten. Au\u00dferdem beh\u00e4lt sich die Sektion oder die einzelne F\u00fchrungskraft vor, die durch Absage entstehenden Kosten von dritter Seite (Vorbuchung auf H\u00fctten oder in Gasth\u00f6fen, Bahntickets o.\u00e4.) dem Teilnehmer zu berechnen.<\/p>\n<p><strong>Besonderheiten der einzelnen Gruppen<\/strong><\/p>\n<p><strong>2. Touren- und Ausbildungsprogramm der Sektion und Jugen<\/strong>d<\/p>\n<p>Die Anmeldung hat bis sp\u00e4testens 14 Tage vor der Tour bzw. Ausbildung zu erfolgen. Sp\u00e4tere Anmeldungen werden nur mehr ber\u00fccksichtigt, wenn noch Platz zur Verf\u00fcgung steht.<\/p>\n<p>Touren, bei denen eine fr\u00fchere Anmeldung aufgrund der \u00dcbernachtungsreservierung n\u00f6tig ist, sind extra gekennzeichnet.<\/p>\n<p><strong>3. Touren der Wandergruppe <\/strong><\/p>\n<p>3.1. Teilnahmegeb\u00fchren werden nicht erhoben.<\/p>\n<p>3.2. Die Anmeldung f\u00fcr Tagestouren ist noch bis zum Vorabend m\u00f6glich.<br \/>\nBei Bahnfahrten bis sp\u00e4testens 11.00 Uhr des Vortages, damit der Gruppenfahrschein gel\u00f6st werden kann.<br \/>\nBei Mehrtagestouren Anmeldung bis sp\u00e4testens 14 Tage davor.<\/p>\n<p>3.3. Die Anmeldung erfolgt beim jeweiligen Organisator der Tour (siehe Programm).<\/p>\n<p>3.4. Koordinatorin f\u00fcr das Programm der Wandergruppe: Maria Stredele, siehe auch Internetseite der Wandergruppe<\/p>\n","protected":false},"excerpt":{"rendered":"<p>Bedingungen f\u00fcr die Teilnahme an Touren der Sektion Murnau Unsere Bergf\u00fchrer und \u00dcbungsleiter haben auch f\u00fcr 2019 ein ansprechendes Touren- und Ausbildungsprogramm ausgearbeitet. Sollten Sie sich f\u00fcr die eine oder andere Tour oder Ausbildung interessieren, bitten wir um Beachtung einiger weniger Grundregeln. Diese sind notwendig, um einen sinnvollen Ablauf der Touren zu gew\u00e4hrleisten und die [&hellip;]<\/p>\n","protected":false},"author":2,"featured_media":0,"parent":0,"menu_order":0,"comment_status":"closed","ping_status":"closed","template":"","meta":{"footnotes":""},"class_list":["post-35","page","type-page","status-publish","hentry"],"_links":{"self":[{"href":"https:\/\/www.anmeldung2.dav-murnau.de\/index.php?rest_route=\/wp\/v2\/pages\/35","targetHints":{"allow":["GET"]}}],"collection":[{"href":"https:\/\/www.anmeldung2.dav-murnau.de\/index.php?rest_route=\/wp\/v2\/pages"}],"about":[{"href":"https:\/\/www.anmeldung2.dav-murnau.de\/index.php?rest_route=\/wp\/v2\/types\/page"}],"author":[{"embeddable":true,"href":"https:\/\/www.anmeldung2.dav-murnau.de\/index.php?rest_route=\/wp\/v2\/users\/2"}],"replies":[{"embeddable":true,"href":"https:\/\/www.anmeldung2.dav-murnau.de\/index.php?rest_route=%2Fwp%2Fv2%2Fcomments&post=35"}],"version-history":[{"count":5,"href":"https:\/\/www.anmeldung2.dav-murnau.de\/index.php?rest_route=\/wp\/v2\/pages\/35\/revisions"}],"predecessor-version":[{"id":1952,"href":"https:\/\/www.anmeldung2.dav-murnau.de\/index.php?rest_route=\/wp\/v2\/pages\/35\/revisions\/1952"}],"wp:attachment":[{"href":"https:\/\/www.anmeldung2.dav-murnau.de\/index.php?rest_route=%2Fwp%2Fv2%2Fmedia&parent=35"}],"curies":[{"name":"wp","href":"https:\/\/api.w.org\/{rel}","templated":true}]}}