{"id":37,"date":"2016-12-14T22:41:59","date_gmt":"2016-12-14T21:41:59","guid":{"rendered":"http:\/\/www.anmeldung2.dav-murnau.de\/?page_id=37"},"modified":"2018-11-24T09:58:57","modified_gmt":"2018-11-24T08:58:57","slug":"vor-der-tour","status":"publish","type":"page","link":"https:\/\/www.anmeldung2.dav-murnau.de\/?page_id=37","title":{"rendered":"Vor der Tour"},"content":{"rendered":"<p>&#8222;Bitte pr\u00fcfen Sie vor der geplanten Tour Ihre Ausr\u00fcstung auf Vollst\u00e4ndigkeit und Funktionsf\u00e4higkeit. Nachstehende Aufstellung soll Ihnen als Anhalt dienen. Die Beurteilung der Schwierigkeit der Touren und der erforderlichen Kondition ist nicht einfach. Es liegt auch am Teilnehmer, das eigene K\u00f6nnen kritisch einzusch\u00e4tzen, um die geplante Tour auch mit Freude durchzustehen. Die Symbole und Abk\u00fcrzungen finden Sie unter &#8222;&#8220;Ausr\u00fcstung&#8220;&#8220;<\/p>\n<p>Wir haben bewusst auf die technische und konditionelle Bewertung unseres Tourenangebots verzichtet. Wir bitten unsere Teilnehmer jedoch um eine ehrliche Selbsteinsch\u00e4tzung des eigenen technische K\u00f6nnens und der am Tourentag vorhandenen Kondition. Die Tourenleiter geben gerne \u00fcber die Tourenanforderungen Auskunft und beraten die Interessenten. Die ausgew\u00e4hlte Tour soll Freude bereiten und keinesfalls zu einer \u00dcberforderung des Einzelnen f\u00fchren.<\/p>\n<p>Bei den ausgeschriebenen Touren handelt es sich &#8211; vor allem im Sektionsprogramm (Produktgruppe 1 = 1. Ziffer der Touren-Nummer) um anspruchsvolle Unternehmungen, meist mit mehreren Stunden Aufstieg, auch an jedem Tag bei Mehrtagestouren. Erfahrungen und Kondition, die an unseren Voralpenbergen ausreichen m\u00f6gen, sind nicht ohne Weiteres \u00fcbertragbar auf Touren unseres Programms. Im eigenen Interesse (\u00dcberforderung) und im Interesse der \u00fcbrigen Gruppenteilnehmer werden Neulinge von den Tourenleitern nach dem individuellen Leistungsverm\u00f6gen befragt. Bitte haben Sie daf\u00fcr Verst\u00e4ndnis.<\/p>\n<p>Bei l\u00e4ngeren Touren finden gew\u00f6hnlich Vorbesprechungen statt, in denen die F\u00fchrungskr\u00e4fte die Details f\u00fcr die Tour mit den Teilnehmern besprechen.<\/p>\n<p>Die Bergf\u00fchrer und Fach\u00fcbungsleiter der Sektion Murnau w\u00fcnschen Ihnen sch\u00f6ne und unfallfreie Touren, viel Freude an Ihrem Bergsport, auf der H\u00fctte und im Tal.<\/p>\n<p>&nbsp;<\/p>\n<p>&nbsp;<\/p>\n","protected":false},"excerpt":{"rendered":"<p>&#8222;Bitte pr\u00fcfen Sie vor der geplanten Tour Ihre Ausr\u00fcstung auf Vollst\u00e4ndigkeit und Funktionsf\u00e4higkeit. Nachstehende Aufstellung soll Ihnen als Anhalt dienen. Die Beurteilung der Schwierigkeit der Touren und der erforderlichen Kondition ist nicht einfach. Es liegt auch am Teilnehmer, das eigene K\u00f6nnen kritisch einzusch\u00e4tzen, um die geplante Tour auch mit Freude durchzustehen. Die Symbole und Abk\u00fcrzungen [&hellip;]<\/p>\n","protected":false},"author":2,"featured_media":0,"parent":0,"menu_order":0,"comment_status":"closed","ping_status":"closed","template":"","meta":{"footnotes":""},"class_list":["post-37","page","type-page","status-publish","hentry"],"_links":{"self":[{"href":"https:\/\/www.anmeldung2.dav-murnau.de\/index.php?rest_route=\/wp\/v2\/pages\/37","targetHints":{"allow":["GET"]}}],"collection":[{"href":"https:\/\/www.anmeldung2.dav-murnau.de\/index.php?rest_route=\/wp\/v2\/pages"}],"about":[{"href":"https:\/\/www.anmeldung2.dav-murnau.de\/index.php?rest_route=\/wp\/v2\/types\/page"}],"author":[{"embeddable":true,"href":"https:\/\/www.anmeldung2.dav-murnau.de\/index.php?rest_route=\/wp\/v2\/users\/2"}],"replies":[{"embeddable":true,"href":"https:\/\/www.anmeldung2.dav-murnau.de\/index.php?rest_route=%2Fwp%2Fv2%2Fcomments&post=37"}],"version-history":[{"count":5,"href":"https:\/\/www.anmeldung2.dav-murnau.de\/index.php?rest_route=\/wp\/v2\/pages\/37\/revisions"}],"predecessor-version":[{"id":1912,"href":"https:\/\/www.anmeldung2.dav-murnau.de\/index.php?rest_route=\/wp\/v2\/pages\/37\/revisions\/1912"}],"wp:attachment":[{"href":"https:\/\/www.anmeldung2.dav-murnau.de\/index.php?rest_route=%2Fwp%2Fv2%2Fmedia&parent=37"}],"curies":[{"name":"wp","href":"https:\/\/api.w.org\/{rel}","templated":true}]}}